{"id":188,"date":"2024-11-19T11:10:48","date_gmt":"2024-11-19T10:10:48","guid":{"rendered":"https:\/\/lesclesdemimizan.fr\/?page_id=188"},"modified":"2024-11-21T10:18:20","modified_gmt":"2024-11-21T09:18:20","slug":"conciergerie","status":"publish","type":"page","link":"https:\/\/lesclesdemimizan.fr\/index.php\/conciergerie\/","title":{"rendered":"Conciergerie"},"content":{"rendered":"\n<p>Vous \u00eates propri\u00e9taire d&rsquo;un bien \u00e0 Mimizan ou dans ses environs ? <strong>Nous le g\u00e9rons pour vous !<\/strong><\/p>\n\n\n\n<p>Prenez rendez-vous via le formulaire ci-dessous afin que nous vous rappelions pour convenir d&rsquo;un rendez-vous selon vos disponibilit\u00e9s.<\/p>\n\n\n\n<hr class=\"wp-block-separator has-text-color has-secondary-color has-alpha-channel-opacity has-secondary-background-color has-background is-style-wide\" style=\"margin-top:var(--wp--preset--spacing--small);margin-bottom:var(--wp--preset--spacing--small)\" id=\"carte\"\/>\n\n\n\n<p><strong>FORMULAIRE DE CONTACT<\/strong><\/p>\n\n\n\n<div class=\"forminator-guttenberg\"><div class=\"forminator-ui forminator-custom-form forminator-custom-form-195 forminator-design--default  forminator_ajax\" data-forminator-render=\"0\" data-form=\"forminator-module-195\" data-uid=\"69d2750f599fa\"><br\/><\/div><form\n\t\t\t\tid=\"forminator-module-195\"\n\t\t\t\tclass=\"forminator-ui forminator-custom-form forminator-custom-form-195 forminator-design--default  forminator_ajax\"\n\t\t\t\tmethod=\"post\"\n\t\t\t\tdata-forminator-render=\"0\"\n\t\t\t\tdata-form-id=\"195\"\n\t\t\t\t\n\t\t\t\tdata-design=\"default\"\n\t\t\t\t\n\t\t\t\t\n\t\t\t\t\n\t\t\t\tdata-grid=\"open\"\n\t\t\t\t\n\t\t\t\t\n\t\t\t\tstyle=\"display: none;\"\n\t\t\t\t\n\t\t\t\tdata-uid=\"69d2750f599fa\"\n\t\t\t><div role=\"alert\" aria-live=\"polite\" class=\"forminator-response-message forminator-error\" aria-hidden=\"true\"><\/div><div class=\"forminator-row\"><div id=\"name-1\" class=\"forminator-field-name forminator-col forminator-col-12 \"><div class=\"forminator-row forminator-no-margin\" data-multiple=\"true\"><div class=\"forminator-col forminator-col-md-6\"><div class=\"forminator-field\"><label for=\"forminator-field-first-name-1_69d2750f599fa\" id=\"forminator-field-first-name-1_69d2750f599fa-label\" class=\"forminator-label\">Pr\u00e9nom <span class=\"forminator-required\">*<\/span><\/label><input type=\"text\" name=\"name-1-first-name\" placeholder=\"Votre pr\u00e9nom\" id=\"forminator-field-first-name-1_69d2750f599fa\" class=\"forminator-input\" aria-required=\"true\" data-multi=\"1\" value=\"\" \/><\/div><\/div><div class=\"forminator-col forminator-col-md-6\"><div class=\"forminator-field\"><label for=\"forminator-field-last-name-1_69d2750f599fa\" id=\"forminator-field-last-name-1_69d2750f599fa-label\" class=\"forminator-label\">NOM <span class=\"forminator-required\">*<\/span><\/label><input type=\"text\" name=\"name-1-last-name\" placeholder=\"Votre nom de famille\" id=\"forminator-field-last-name-1_69d2750f599fa\" class=\"forminator-input\" aria-required=\"true\" data-multi=\"1\" value=\"\" \/><\/div><\/div><\/div><\/div><\/div><div class=\"forminator-row\"><div id=\"email-1\" class=\"forminator-field-email forminator-col forminator-col-12 \"><div class=\"forminator-field\"><label for=\"forminator-field-email-1_69d2750f599fa\" id=\"forminator-field-email-1_69d2750f599fa-label\" class=\"forminator-label\">Email<\/label><input type=\"email\" name=\"email-1\" value=\"\" placeholder=\"votremail@exemple.fr\" id=\"forminator-field-email-1_69d2750f599fa\" class=\"forminator-input forminator-email--field\" data-required=\"\" aria-required=\"false\" aria-describedby=\"forminator-field-email-1_69d2750f599fa-description\" \/><span id=\"forminator-field-email-1_69d2750f599fa-description\" class=\"forminator-description\">Cet email ne sera utilis\u00e9 que si vous ne renseignez pas de num\u00e9ro de t\u00e9l\u00e9phone.<\/span><\/div><\/div><\/div><div class=\"forminator-row\"><div id=\"phone-1\" class=\"forminator-field-phone forminator-col forminator-col-12 \"><div class=\"forminator-field\"><label for=\"forminator-field-phone-1_69d2750f599fa\" id=\"forminator-field-phone-1_69d2750f599fa-label\" class=\"forminator-label\">Num\u00e9ro de t\u00e9l\u00e9phone<\/label><input type=\"text\" name=\"phone-1\" value=\"\" placeholder=\"06\" id=\"forminator-field-phone-1_69d2750f599fa\" class=\"forminator-input forminator-field--phone\" data-required=\"\" aria-required=\"false\" autocomplete=\"off\" data-validation=\"1\" aria-describedby=\"forminator-field-phone-1_69d2750f599fa-description\" \/><span id=\"forminator-field-phone-1_69d2750f599fa-description\" class=\"forminator-description\" id=\"forminator-field-phone-1_69d2750f599fa-description\">Ce num\u00e9ro de t\u00e9l\u00e9phone sera utilis\u00e9 uniquement pour vous rappeler au sujet de votre bien.<\/span><\/div><\/div><\/div><div class=\"forminator-row\"><div id=\"textarea-1\" class=\"forminator-field-textarea forminator-col forminator-col-12 \"><div class=\"forminator-field\"><label for=\"forminator-field-textarea-1_69d2750f599fa\" id=\"forminator-field-textarea-1_69d2750f599fa-label\" class=\"forminator-label\">Pr\u00e9sentation de votre bien<\/label><textarea name=\"textarea-1\" placeholder=\"Si vous voulez nous pr\u00e9senter votre bien, vous pouvez le faire en remplissant ce champ.\" id=\"forminator-field-textarea-1_69d2750f599fa\" class=\"forminator-textarea\" rows=\"6\" style=\"min-height:140px;\" maxlength=\"180\" ><\/textarea><span id=\"forminator-field-textarea-1_69d2750f599fa-description\" class=\"forminator-description\"><span data-limit=\"180\" data-type=\"characters\" data-editor=\"\">0 \/ 180<\/span><\/span><\/div><\/div><\/div><input type=\"hidden\" name=\"referer_url\" value=\"\" \/><div class=\"forminator-row forminator-row-last\"><div class=\"forminator-col\"><div class=\"forminator-field\"><button class=\"forminator-button forminator-button-submit\">Envoyer<\/button><\/div><\/div><\/div><input type=\"hidden\" id=\"forminator_nonce\" name=\"forminator_nonce\" value=\"3417808f9f\" \/><input type=\"hidden\" name=\"_wp_http_referer\" value=\"\/index.php\/wp-json\/wp\/v2\/pages\/188\" \/><input type=\"hidden\" name=\"form_id\" value=\"195\"><input type=\"hidden\" name=\"page_id\" value=\"188\"><input type=\"hidden\" name=\"form_type\" value=\"default\"><input type=\"hidden\" name=\"current_url\" value=\"https:\/\/lesclesdemimizan.fr\/index.php\/conciergerie\/\"><input type=\"hidden\" name=\"render_id\" value=\"0\"><input type=\"hidden\" name=\"action\" value=\"forminator_submit_form_custom-forms\"><\/form><\/div>\n\n\n\n<hr class=\"wp-block-separator has-text-color has-secondary-color has-alpha-channel-opacity has-secondary-background-color has-background is-style-wide\" style=\"margin-top:var(--wp--preset--spacing--small);margin-bottom:var(--wp--preset--spacing--small)\" id=\"carte\"\/>\n\n\n\n<p><strong>PRESTATIONS :<br>Gestion de votre location \u00e0 courte dur\u00e9e<\/strong><\/p>\n\n\n\n<figure class=\"wp-block-image size-large is-resized\"><img loading=\"lazy\" decoding=\"async\" width=\"979\" height=\"1024\" src=\"http:\/\/lesclesdemimizan.fr\/wp-content\/uploads\/2024\/11\/prestations-979x1024.png\" alt=\"\" class=\"wp-image-199\" style=\"width:559px;height:auto\" srcset=\"https:\/\/lesclesdemimizan.fr\/wp-content\/uploads\/2024\/11\/prestations-979x1024.png 979w, https:\/\/lesclesdemimizan.fr\/wp-content\/uploads\/2024\/11\/prestations-287x300.png 287w, https:\/\/lesclesdemimizan.fr\/wp-content\/uploads\/2024\/11\/prestations.png 1436w\" sizes=\"auto, (max-width: 979px) 100vw, 979px\" \/><\/figure>\n\n\n\n<hr class=\"wp-block-separator has-text-color has-secondary-color has-alpha-channel-opacity has-secondary-background-color has-background is-style-wide\" style=\"margin-top:var(--wp--preset--spacing--small);margin-bottom:var(--wp--preset--spacing--small)\" id=\"carte\"\/>\n\n\n\n<p><strong>SERVICES SUPPL\u00c9MENTAIRES<\/strong><\/p>\n\n\n\n<p><strong>Les cl\u00e9s de Mimizan vous propose de prendre soin de votre logement pendant votre absence (vacances, d\u00e9placement professionnel&#8230;)<\/strong><\/p>\n\n\n\n<figure class=\"wp-block-image size-large is-resized\"><img loading=\"lazy\" decoding=\"async\" width=\"1024\" height=\"749\" src=\"https:\/\/lesclesdemimizan.fr\/wp-content\/uploads\/2024\/11\/prestasupp-1024x749.png\" alt=\"\" class=\"wp-image-208\" style=\"width:554px;height:auto\" srcset=\"https:\/\/lesclesdemimizan.fr\/wp-content\/uploads\/2024\/11\/prestasupp-1024x749.png 1024w, https:\/\/lesclesdemimizan.fr\/wp-content\/uploads\/2024\/11\/prestasupp-300x220.png 300w, https:\/\/lesclesdemimizan.fr\/wp-content\/uploads\/2024\/11\/prestasupp.png 1420w\" sizes=\"auto, (max-width: 1024px) 100vw, 1024px\" \/><\/figure>\n","protected":false},"excerpt":{"rendered":"<p>Vous \u00eates propri\u00e9taire d&rsquo;un bien \u00e0 Mimizan ou dans ses environs ? Nous le g\u00e9rons pour vous ! Prenez rendez-vous via le formulaire ci-dessous afin que nous vous rappelions pour convenir d&rsquo;un rendez-vous selon vos disponibilit\u00e9s. FORMULAIRE DE CONTACT PRESTATIONS :Gestion de votre location \u00e0 courte dur\u00e9e SERVICES SUPPL\u00c9MENTAIRES Les cl\u00e9s de Mimizan vous propose &hellip; <\/p>\n<p class=\"link-more\"><a href=\"https:\/\/lesclesdemimizan.fr\/index.php\/conciergerie\/\" class=\"more-link\">Lire la suite de<span class=\"screen-reader-text\">\u00ab\u00a0Conciergerie\u00a0\u00bb<\/span><\/a><\/p>\n","protected":false},"author":1,"featured_media":0,"parent":0,"menu_order":0,"comment_status":"closed","ping_status":"closed","template":"","meta":{"footnotes":""},"class_list":["post-188","page","type-page","status-publish","hentry"],"featured_media_urls":[],"_links":{"self":[{"href":"https:\/\/lesclesdemimizan.fr\/index.php\/wp-json\/wp\/v2\/pages\/188","targetHints":{"allow":["GET"]}}],"collection":[{"href":"https:\/\/lesclesdemimizan.fr\/index.php\/wp-json\/wp\/v2\/pages"}],"about":[{"href":"https:\/\/lesclesdemimizan.fr\/index.php\/wp-json\/wp\/v2\/types\/page"}],"author":[{"embeddable":true,"href":"https:\/\/lesclesdemimizan.fr\/index.php\/wp-json\/wp\/v2\/users\/1"}],"replies":[{"embeddable":true,"href":"https:\/\/lesclesdemimizan.fr\/index.php\/wp-json\/wp\/v2\/comments?post=188"}],"version-history":[{"count":10,"href":"https:\/\/lesclesdemimizan.fr\/index.php\/wp-json\/wp\/v2\/pages\/188\/revisions"}],"predecessor-version":[{"id":246,"href":"https:\/\/lesclesdemimizan.fr\/index.php\/wp-json\/wp\/v2\/pages\/188\/revisions\/246"}],"wp:attachment":[{"href":"https:\/\/lesclesdemimizan.fr\/index.php\/wp-json\/wp\/v2\/media?parent=188"}],"curies":[{"name":"wp","href":"https:\/\/api.w.org\/{rel}","templated":true}]}}